{"id":9,"date":"2017-05-15T19:36:01","date_gmt":"2017-05-15T17:36:01","guid":{"rendered":"https:\/\/www.theatermuseasten.de\/?page_id=9"},"modified":"2020-11-25T15:40:17","modified_gmt":"2020-11-25T14:40:17","slug":"team","status":"publish","type":"page","link":"https:\/\/www.theatermuseasten.de\/index.php\/team\/","title":{"rendered":"<span style=\"color: #98032e;\">T<\/span>H<span style=\"color: #98032e;\">EA<\/span>TER<span style=\"color: #98032e;\">M<\/span>USEASTEN <span style=\"font-family: Segoe Script; color: #98032e;\"> &#8211;  Wer wir sind<\/span>"},"content":{"rendered":"<p>Wir haben uns seit Juli 2012 entschlossen fortan den Namen <strong>THEATERMUSEASTEN &#8211; Freunde des Deutschen Theatermuseums M\u00fcnchen e.V.<\/strong> zu f\u00fchren, um unserer Verbundenheit zum Deutschen Theatermuseum M\u00fcnchen bedeutungsvoll Ausdruck zu verleihen: Wir Theatermuseasten stellen uns der Namensgebung bzw. der Begriffsbildung nach in eine Reihe mit Enthusiasten und den kunstverwandten Cineasten.<\/p>\n<p>In der englischen Grammatik wird das griechische bzw. neoklassische Nomensuffix \u201e\u2013ast(en)\u201c mit \u201eso., who\u2019s addicted\u201c \u00fcbersetzt, was soviel hei\u00dft wie \u201ejmd., der (zu)geneigt bzw. in Leidenschaft verfallen ist\u201c.<\/p>\n<p>Also sollen sich mit <strong>THEATERMUSEASTEN<\/strong> Laien und Experten gleicherma\u00dfen, prinzipiell jedoch alle Freunde des Deutschen Theatermuseums M\u00fcnchen, des Theaters und der Musen angesprochen f\u00fchlen.<br \/>\nDar\u00fcber hinaus l\u00e4sst das Wort <strong>\u201aTHEATERMUSEASTEN\u2019<\/strong> einige weitere strukturelle und richtungsweisende Begriffsbildungen \u2013 vornehmlich Anglizismen \u2013 zu, die im weiteren Verlauf und den Unterkapiteln unserer Website ihren Sinn erfahren und zugleich auf die Internationalit\u00e4t des Deutschen Theatermuseums M\u00fcnchen und uns Theatermuseasten verweisen.<\/p>\n<p>Die Organe der <strong>THEATERMUSEASTEN &#8211; Freunde des Deutschen Theatermuseums M\u00fcnchen e.V.<\/strong> sind derzeit:<\/p>\n<p>1. Der Vorstand<br \/>\n2. Die Mitgliederversammlung<\/p>\n<p>Gemeinsam bilden den Vorstand der <strong>THEATERMUSEASTEN &#8211; Freunde des Deutschen Theatermuseums M\u00fcnchen e.V.<\/strong> (im Sinne des \u00a7 26 BGB):<\/p>\n<p>Ehrenvorsitzender: Prof. Dr. C. Bernd Sucher<\/p>\n<p>Erster Vorsitzender: Martin Laiblin<br \/>\nZweiter Vorsitzender: Josef K\u00e4ser<br \/>\nDritter Vorsitzender: Gerd Blank<br \/>\nSchatzmeister*in: N.N.<br \/>\nSchriftf\u00fchrer*in: Kirsten Fr\u00fchwald<\/p>\n<p><a href=\"https:\/\/www.theatermuseasten.de\/wp-content\/uploads\/2017\/05\/theatermuseasten_spendenbox.png\" rel=\"lightbox[9]\"><img loading=\"lazy\" decoding=\"async\" class=\"alignnone wp-image-450\" src=\"https:\/\/www.theatermuseasten.de\/wp-content\/uploads\/2017\/05\/theatermuseasten_spendenbox.png\" alt=\"\" width=\"700\" height=\"840\" srcset=\"https:\/\/www.theatermuseasten.de\/wp-content\/uploads\/2017\/05\/theatermuseasten_spendenbox.png 1000w, https:\/\/www.theatermuseasten.de\/wp-content\/uploads\/2017\/05\/theatermuseasten_spendenbox-250x300.png 250w, https:\/\/www.theatermuseasten.de\/wp-content\/uploads\/2017\/05\/theatermuseasten_spendenbox-768x922.png 768w, https:\/\/www.theatermuseasten.de\/wp-content\/uploads\/2017\/05\/theatermuseasten_spendenbox-853x1024.png 853w, https:\/\/www.theatermuseasten.de\/wp-content\/uploads\/2017\/05\/theatermuseasten_spendenbox-410x492.png 410w, https:\/\/www.theatermuseasten.de\/wp-content\/uploads\/2017\/05\/theatermuseasten_spendenbox-100x120.png 100w, https:\/\/www.theatermuseasten.de\/wp-content\/uploads\/2017\/05\/theatermuseasten_spendenbox-275x330.png 275w\" sizes=\"auto, (max-width: 700px) 100vw, 700px\" \/><\/a><\/p>\n<p>&nbsp;<\/p>\n<p>Treten Sie bei! <a href=\"https:\/\/www.theatermuseasten.de\/wp-content\/uploads\/2017\/05\/beitritt_aug_2014.pdf\" target=\"_blank\" rel=\"noopener noreferrer\">Hier geht&#8217;s zum Beitrittsformular &gt;&gt;&gt;<\/a><\/p>\n<p>Schreiben Sie uns! Hier geht&#8217;s zum <a href=\"https:\/\/www.theatermuseasten.de\/index.php\/contact-us\/\">Kontaktformular &gt;&gt;&gt;<\/a><\/p>\n","protected":false},"excerpt":{"rendered":"<p>Wir haben uns seit Juli 2012 entschlossen fortan den Namen THEATERMUSEASTEN &#8211; Freunde des Deutschen Theatermuseums M\u00fcnchen e.V. zu f\u00fchren, um unserer Verbundenheit zum Deutschen Theatermuseum M\u00fcnchen bedeutungsvoll Ausdruck zu verleihen: Wir Theatermuseasten stellen uns der Namensgebung bzw. der Begriffsbildung nach in eine Reihe mit Enthusiasten und den kunstverwandten Cineasten. In der englischen Grammatik wird [&hellip;]<\/p>\n","protected":false},"author":1,"featured_media":0,"parent":0,"menu_order":0,"comment_status":"closed","ping_status":"closed","template":"","meta":{"footnotes":""},"class_list":["post-9","page","type-page","status-publish","hentry"],"yoast_head":"<!-- This site is optimized with the Yoast SEO plugin v26.3 - https:\/\/yoast.com\/wordpress\/plugins\/seo\/ -->\n<title>THEATERMUSEASTEN  - Wer wir sind - Theatermuseasten - Freunde des Deutschen Theatermuseums M\u00fcnchen e.V.<\/title>\n<meta name=\"robots\" content=\"index, follow, max-snippet:-1, max-image-preview:large, max-video-preview:-1\" \/>\n<link rel=\"canonical\" href=\"https:\/\/www.theatermuseasten.de\/index.php\/team\/\" \/>\n<meta property=\"og:locale\" content=\"de_DE\" \/>\n<meta property=\"og:type\" content=\"article\" \/>\n<meta property=\"og:title\" content=\"THEATERMUSEASTEN  - Wer wir sind - Theatermuseasten - Freunde des Deutschen Theatermuseums M\u00fcnchen e.V.\" \/>\n<meta property=\"og:description\" content=\"Wir haben uns seit Juli 2012 entschlossen fortan den Namen THEATERMUSEASTEN &#8211; Freunde des Deutschen Theatermuseums M\u00fcnchen e.V. zu f\u00fchren, um unserer Verbundenheit zum Deutschen Theatermuseum M\u00fcnchen bedeutungsvoll Ausdruck zu verleihen: Wir Theatermuseasten stellen uns der Namensgebung bzw. der Begriffsbildung nach in eine Reihe mit Enthusiasten und den kunstverwandten Cineasten. In der englischen Grammatik wird [&hellip;]\" \/>\n<meta property=\"og:url\" content=\"https:\/\/www.theatermuseasten.de\/index.php\/team\/\" \/>\n<meta property=\"og:site_name\" content=\"Theatermuseasten - Freunde des Deutschen Theatermuseums M\u00fcnchen e.V.\" \/>\n<meta property=\"article:modified_time\" content=\"2020-11-25T14:40:17+00:00\" \/>\n<meta property=\"og:image\" content=\"https:\/\/www.theatermuseasten.de\/wp-content\/uploads\/2017\/05\/theatermuseasten_spendenbox.png\" \/>\n<meta name=\"twitter:card\" content=\"summary_large_image\" \/>\n<meta name=\"twitter:label1\" content=\"Gesch\u00e4tzte Lesezeit\" \/>\n\t<meta name=\"twitter:data1\" content=\"1\u00a0Minute\" \/>\n<script type=\"application\/ld+json\" class=\"yoast-schema-graph\">{\"@context\":\"https:\/\/schema.org\",\"@graph\":[{\"@type\":\"WebPage\",\"@id\":\"https:\/\/www.theatermuseasten.de\/index.php\/team\/\",\"url\":\"https:\/\/www.theatermuseasten.de\/index.php\/team\/\",\"name\":\"THEATERMUSEASTEN - Wer wir sind - Theatermuseasten - Freunde des Deutschen Theatermuseums M\u00fcnchen e.V.\",\"isPartOf\":{\"@id\":\"https:\/\/www.theatermuseasten.de\/#website\"},\"primaryImageOfPage\":{\"@id\":\"https:\/\/www.theatermuseasten.de\/index.php\/team\/#primaryimage\"},\"image\":{\"@id\":\"https:\/\/www.theatermuseasten.de\/index.php\/team\/#primaryimage\"},\"thumbnailUrl\":\"https:\/\/www.theatermuseasten.de\/wp-content\/uploads\/2017\/05\/theatermuseasten_spendenbox.png\",\"datePublished\":\"2017-05-15T17:36:01+00:00\",\"dateModified\":\"2020-11-25T14:40:17+00:00\",\"breadcrumb\":{\"@id\":\"https:\/\/www.theatermuseasten.de\/index.php\/team\/#breadcrumb\"},\"inLanguage\":\"de\",\"potentialAction\":[{\"@type\":\"ReadAction\",\"target\":[\"https:\/\/www.theatermuseasten.de\/index.php\/team\/\"]}]},{\"@type\":\"ImageObject\",\"inLanguage\":\"de\",\"@id\":\"https:\/\/www.theatermuseasten.de\/index.php\/team\/#primaryimage\",\"url\":\"https:\/\/www.theatermuseasten.de\/wp-content\/uploads\/2017\/05\/theatermuseasten_spendenbox.png\",\"contentUrl\":\"https:\/\/www.theatermuseasten.de\/wp-content\/uploads\/2017\/05\/theatermuseasten_spendenbox.png\",\"width\":1000,\"height\":1200},{\"@type\":\"BreadcrumbList\",\"@id\":\"https:\/\/www.theatermuseasten.de\/index.php\/team\/#breadcrumb\",\"itemListElement\":[{\"@type\":\"ListItem\",\"position\":1,\"name\":\"Startseite\",\"item\":\"https:\/\/www.theatermuseasten.de\/\"},{\"@type\":\"ListItem\",\"position\":2,\"name\":\"THEATERMUSEASTEN &#8211; Wer wir sind\"}]},{\"@type\":\"WebSite\",\"@id\":\"https:\/\/www.theatermuseasten.de\/#website\",\"url\":\"https:\/\/www.theatermuseasten.de\/\",\"name\":\"Theatermuseasten - Freunde des Deutschen Theatermuseums M\u00fcnchen e.V.\",\"description\":\"F\u00f6rderverein Deutsches Theatermuseums M\u00fcnchen e.V.\",\"potentialAction\":[{\"@type\":\"SearchAction\",\"target\":{\"@type\":\"EntryPoint\",\"urlTemplate\":\"https:\/\/www.theatermuseasten.de\/?s={search_term_string}\"},\"query-input\":{\"@type\":\"PropertyValueSpecification\",\"valueRequired\":true,\"valueName\":\"search_term_string\"}}],\"inLanguage\":\"de\"}]}<\/script>\n<!-- \/ Yoast SEO plugin. -->","yoast_head_json":{"title":"THEATERMUSEASTEN  - Wer wir sind - Theatermuseasten - Freunde des Deutschen Theatermuseums M\u00fcnchen e.V.","robots":{"index":"index","follow":"follow","max-snippet":"max-snippet:-1","max-image-preview":"max-image-preview:large","max-video-preview":"max-video-preview:-1"},"canonical":"https:\/\/www.theatermuseasten.de\/index.php\/team\/","og_locale":"de_DE","og_type":"article","og_title":"THEATERMUSEASTEN  - Wer wir sind - Theatermuseasten - Freunde des Deutschen Theatermuseums M\u00fcnchen e.V.","og_description":"Wir haben uns seit Juli 2012 entschlossen fortan den Namen THEATERMUSEASTEN &#8211; Freunde des Deutschen Theatermuseums M\u00fcnchen e.V. zu f\u00fchren, um unserer Verbundenheit zum Deutschen Theatermuseum M\u00fcnchen bedeutungsvoll Ausdruck zu verleihen: Wir Theatermuseasten stellen uns der Namensgebung bzw. der Begriffsbildung nach in eine Reihe mit Enthusiasten und den kunstverwandten Cineasten. In der englischen Grammatik wird [&hellip;]","og_url":"https:\/\/www.theatermuseasten.de\/index.php\/team\/","og_site_name":"Theatermuseasten - Freunde des Deutschen Theatermuseums M\u00fcnchen e.V.","article_modified_time":"2020-11-25T14:40:17+00:00","og_image":[{"url":"https:\/\/www.theatermuseasten.de\/wp-content\/uploads\/2017\/05\/theatermuseasten_spendenbox.png","type":"","width":"","height":""}],"twitter_card":"summary_large_image","twitter_misc":{"Gesch\u00e4tzte Lesezeit":"1\u00a0Minute"},"schema":{"@context":"https:\/\/schema.org","@graph":[{"@type":"WebPage","@id":"https:\/\/www.theatermuseasten.de\/index.php\/team\/","url":"https:\/\/www.theatermuseasten.de\/index.php\/team\/","name":"THEATERMUSEASTEN - Wer wir sind - Theatermuseasten - Freunde des Deutschen Theatermuseums M\u00fcnchen e.V.","isPartOf":{"@id":"https:\/\/www.theatermuseasten.de\/#website"},"primaryImageOfPage":{"@id":"https:\/\/www.theatermuseasten.de\/index.php\/team\/#primaryimage"},"image":{"@id":"https:\/\/www.theatermuseasten.de\/index.php\/team\/#primaryimage"},"thumbnailUrl":"https:\/\/www.theatermuseasten.de\/wp-content\/uploads\/2017\/05\/theatermuseasten_spendenbox.png","datePublished":"2017-05-15T17:36:01+00:00","dateModified":"2020-11-25T14:40:17+00:00","breadcrumb":{"@id":"https:\/\/www.theatermuseasten.de\/index.php\/team\/#breadcrumb"},"inLanguage":"de","potentialAction":[{"@type":"ReadAction","target":["https:\/\/www.theatermuseasten.de\/index.php\/team\/"]}]},{"@type":"ImageObject","inLanguage":"de","@id":"https:\/\/www.theatermuseasten.de\/index.php\/team\/#primaryimage","url":"https:\/\/www.theatermuseasten.de\/wp-content\/uploads\/2017\/05\/theatermuseasten_spendenbox.png","contentUrl":"https:\/\/www.theatermuseasten.de\/wp-content\/uploads\/2017\/05\/theatermuseasten_spendenbox.png","width":1000,"height":1200},{"@type":"BreadcrumbList","@id":"https:\/\/www.theatermuseasten.de\/index.php\/team\/#breadcrumb","itemListElement":[{"@type":"ListItem","position":1,"name":"Startseite","item":"https:\/\/www.theatermuseasten.de\/"},{"@type":"ListItem","position":2,"name":"THEATERMUSEASTEN &#8211; Wer wir sind"}]},{"@type":"WebSite","@id":"https:\/\/www.theatermuseasten.de\/#website","url":"https:\/\/www.theatermuseasten.de\/","name":"Theatermuseasten - Freunde des Deutschen Theatermuseums M\u00fcnchen e.V.","description":"F\u00f6rderverein Deutsches Theatermuseums M\u00fcnchen e.V.","potentialAction":[{"@type":"SearchAction","target":{"@type":"EntryPoint","urlTemplate":"https:\/\/www.theatermuseasten.de\/?s={search_term_string}"},"query-input":{"@type":"PropertyValueSpecification","valueRequired":true,"valueName":"search_term_string"}}],"inLanguage":"de"}]}},"_links":{"self":[{"href":"https:\/\/www.theatermuseasten.de\/index.php\/wp-json\/wp\/v2\/pages\/9","targetHints":{"allow":["GET"]}}],"collection":[{"href":"https:\/\/www.theatermuseasten.de\/index.php\/wp-json\/wp\/v2\/pages"}],"about":[{"href":"https:\/\/www.theatermuseasten.de\/index.php\/wp-json\/wp\/v2\/types\/page"}],"author":[{"embeddable":true,"href":"https:\/\/www.theatermuseasten.de\/index.php\/wp-json\/wp\/v2\/users\/1"}],"replies":[{"embeddable":true,"href":"https:\/\/www.theatermuseasten.de\/index.php\/wp-json\/wp\/v2\/comments?post=9"}],"version-history":[{"count":8,"href":"https:\/\/www.theatermuseasten.de\/index.php\/wp-json\/wp\/v2\/pages\/9\/revisions"}],"predecessor-version":[{"id":674,"href":"https:\/\/www.theatermuseasten.de\/index.php\/wp-json\/wp\/v2\/pages\/9\/revisions\/674"}],"wp:attachment":[{"href":"https:\/\/www.theatermuseasten.de\/index.php\/wp-json\/wp\/v2\/media?parent=9"}],"curies":[{"name":"wp","href":"https:\/\/api.w.org\/{rel}","templated":true}]}}