{"id":349,"date":"2017-05-18T17:01:00","date_gmt":"2017-05-18T15:01:00","guid":{"rendered":"https:\/\/www.theatermuseasten.de\/?page_id=349"},"modified":"2025-08-14T16:51:33","modified_gmt":"2025-08-14T14:51:33","slug":"impressumdatenschutz","status":"publish","type":"page","link":"https:\/\/www.theatermuseasten.de\/index.php\/impressumdatenschutz\/","title":{"rendered":"Impressum"},"content":{"rendered":"<p><b>Verantwortlich f\u00fcr den Inhalt dieses Webauftritts: <\/b><\/p>\n<p>THEATERMUSEASTEN \u2013 Freunde des Deutschen Theatermuseums M\u00fcnchen e.V.<\/p>\n<p><span style=\"display: inline !important; float: none; background-color: transparent; color: #333333; cursor: text; font-family: Georgia,'Times New Roman','Bitstream Charter',Times,serif; font-size: 16px; font-style: normal; font-variant: normal; font-weight: 400; letter-spacing: normal; orphans: 2; text-align: left; text-decoration: none; text-indent: 0px; text-transform: none; -webkit-text-stroke-width: 0px; white-space: normal; word-spacing: 0px;\">Martin Laiblin<\/span> 1. Vorsitzender<br \/>\nSitz des Vereins:<br \/>\nGaleriestr. 4a<br \/>\n80539 M\u00fcnchen<\/p>\n<p><span style=\"display: inline !important; float: none; background-color: transparent; color: #333333; cursor: text; font-family: Georgia,'Times New Roman','Bitstream Charter',Times,serif; font-size: 16px; font-style: normal; font-variant: normal; font-weight: 400; letter-spacing: normal; orphans: 2; text-align: left; text-decoration: none; text-indent: 0px; text-transform: none; -webkit-text-stroke-width: 0px; white-space: normal; word-spacing: 0px;\">Steuer-Nr.: 143\/222\/80808<\/span><\/p>\n<p><strong>Bildnachweis \/ Urhebernachweis:<\/strong><br \/>\nMartin Laiblin<\/p>\n<p><strong>Gestaltung, Konzeption, Realisierung, Redaktion der Website:<\/strong><br \/>\nSilke Kuhla<br \/>\n<a href=\"https:\/\/www.agentur-wortgestalten.de\/\" target=\"_blank\" rel=\"noopener\">www.agentur-wortgestalten.de<\/a><\/p>\n<div class=\"impressum\">\n<p><strong>Verbraucher\u00adstreit\u00adbeilegung\/Universal\u00adschlichtungs\u00adstelle<\/strong><\/p>\n<p>Wir sind nicht bereit oder verpflichtet, an Streitbeilegungsverfahren vor einer Verbraucherschlichtungsstelle teilzunehmen.<\/p>\n<p>Quelle:\u00a0<a href=\"https:\/\/www.e-recht24.de\/impressum-generator.html\">https:\/\/www.e-recht24.de\/impressum-generator.html<\/a><\/p>\n<p><strong>Das Impressum gilt auch f\u00fcr folgende Onlinepr\u00e4senzen:<\/strong><\/p>\n<p>https:\/\/www.facebook.com\/Theatermuseasten-Freunde-des-deutschen-Theatermuseums-M%C3%BCnchen-eV-555948721203390<\/p>\n<\/div>\n","protected":false},"excerpt":{"rendered":"<p>Verantwortlich f\u00fcr den Inhalt dieses Webauftritts: THEATERMUSEASTEN \u2013 Freunde des Deutschen Theatermuseums M\u00fcnchen e.V. Martin Laiblin 1. Vorsitzender Sitz des Vereins: Galeriestr. 4a 80539 M\u00fcnchen Steuer-Nr.: 143\/222\/80808 Bildnachweis \/ Urhebernachweis: Martin Laiblin Gestaltung, Konzeption, Realisierung, Redaktion der Website: Silke Kuhla www.agentur-wortgestalten.de Verbraucher\u00adstreit\u00adbeilegung\/Universal\u00adschlichtungs\u00adstelle Wir sind nicht bereit oder verpflichtet, an Streitbeilegungsverfahren vor einer Verbraucherschlichtungsstelle teilzunehmen. Quelle:\u00a0https:\/\/www.e-recht24.de\/impressum-generator.html [&hellip;]<\/p>\n","protected":false},"author":1,"featured_media":0,"parent":0,"menu_order":0,"comment_status":"closed","ping_status":"closed","template":"","meta":{"footnotes":""},"class_list":["post-349","page","type-page","status-publish","hentry"],"yoast_head":"<!-- This site is optimized with the Yoast SEO plugin v26.3 - https:\/\/yoast.com\/wordpress\/plugins\/seo\/ -->\n<title>Impressum - Theatermuseasten - Freunde des Deutschen Theatermuseums M\u00fcnchen e.V.<\/title>\n<meta name=\"robots\" content=\"index, follow, max-snippet:-1, max-image-preview:large, max-video-preview:-1\" \/>\n<link rel=\"canonical\" href=\"https:\/\/www.theatermuseasten.de\/index.php\/impressumdatenschutz\/\" \/>\n<meta property=\"og:locale\" content=\"de_DE\" \/>\n<meta property=\"og:type\" content=\"article\" \/>\n<meta property=\"og:title\" content=\"Impressum - Theatermuseasten - Freunde des Deutschen Theatermuseums M\u00fcnchen e.V.\" \/>\n<meta property=\"og:description\" content=\"Verantwortlich f\u00fcr den Inhalt dieses Webauftritts: THEATERMUSEASTEN \u2013 Freunde des Deutschen Theatermuseums M\u00fcnchen e.V. Martin Laiblin 1. Vorsitzender Sitz des Vereins: Galeriestr. 4a 80539 M\u00fcnchen Steuer-Nr.: 143\/222\/80808 Bildnachweis \/ Urhebernachweis: Martin Laiblin Gestaltung, Konzeption, Realisierung, Redaktion der Website: Silke Kuhla www.agentur-wortgestalten.de Verbraucher\u00adstreit\u00adbeilegung\/Universal\u00adschlichtungs\u00adstelle Wir sind nicht bereit oder verpflichtet, an Streitbeilegungsverfahren vor einer Verbraucherschlichtungsstelle teilzunehmen. Quelle:\u00a0https:\/\/www.e-recht24.de\/impressum-generator.html [&hellip;]\" \/>\n<meta property=\"og:url\" content=\"https:\/\/www.theatermuseasten.de\/index.php\/impressumdatenschutz\/\" \/>\n<meta property=\"og:site_name\" content=\"Theatermuseasten - Freunde des Deutschen Theatermuseums M\u00fcnchen e.V.\" \/>\n<meta property=\"article:modified_time\" content=\"2025-08-14T14:51:33+00:00\" \/>\n<meta name=\"twitter:card\" content=\"summary_large_image\" \/>\n<meta name=\"twitter:label1\" content=\"Gesch\u00e4tzte Lesezeit\" \/>\n\t<meta name=\"twitter:data1\" content=\"1\u00a0Minute\" \/>\n<script type=\"application\/ld+json\" class=\"yoast-schema-graph\">{\"@context\":\"https:\/\/schema.org\",\"@graph\":[{\"@type\":\"WebPage\",\"@id\":\"https:\/\/www.theatermuseasten.de\/index.php\/impressumdatenschutz\/\",\"url\":\"https:\/\/www.theatermuseasten.de\/index.php\/impressumdatenschutz\/\",\"name\":\"Impressum - Theatermuseasten - Freunde des Deutschen Theatermuseums M\u00fcnchen e.V.\",\"isPartOf\":{\"@id\":\"https:\/\/www.theatermuseasten.de\/#website\"},\"datePublished\":\"2017-05-18T15:01:00+00:00\",\"dateModified\":\"2025-08-14T14:51:33+00:00\",\"breadcrumb\":{\"@id\":\"https:\/\/www.theatermuseasten.de\/index.php\/impressumdatenschutz\/#breadcrumb\"},\"inLanguage\":\"de\",\"potentialAction\":[{\"@type\":\"ReadAction\",\"target\":[\"https:\/\/www.theatermuseasten.de\/index.php\/impressumdatenschutz\/\"]}]},{\"@type\":\"BreadcrumbList\",\"@id\":\"https:\/\/www.theatermuseasten.de\/index.php\/impressumdatenschutz\/#breadcrumb\",\"itemListElement\":[{\"@type\":\"ListItem\",\"position\":1,\"name\":\"Startseite\",\"item\":\"https:\/\/www.theatermuseasten.de\/\"},{\"@type\":\"ListItem\",\"position\":2,\"name\":\"Impressum\"}]},{\"@type\":\"WebSite\",\"@id\":\"https:\/\/www.theatermuseasten.de\/#website\",\"url\":\"https:\/\/www.theatermuseasten.de\/\",\"name\":\"Theatermuseasten - Freunde des Deutschen Theatermuseums M\u00fcnchen e.V.\",\"description\":\"F\u00f6rderverein Deutsches Theatermuseums M\u00fcnchen e.V.\",\"potentialAction\":[{\"@type\":\"SearchAction\",\"target\":{\"@type\":\"EntryPoint\",\"urlTemplate\":\"https:\/\/www.theatermuseasten.de\/?s={search_term_string}\"},\"query-input\":{\"@type\":\"PropertyValueSpecification\",\"valueRequired\":true,\"valueName\":\"search_term_string\"}}],\"inLanguage\":\"de\"}]}<\/script>\n<!-- \/ Yoast SEO plugin. -->","yoast_head_json":{"title":"Impressum - Theatermuseasten - Freunde des Deutschen Theatermuseums M\u00fcnchen e.V.","robots":{"index":"index","follow":"follow","max-snippet":"max-snippet:-1","max-image-preview":"max-image-preview:large","max-video-preview":"max-video-preview:-1"},"canonical":"https:\/\/www.theatermuseasten.de\/index.php\/impressumdatenschutz\/","og_locale":"de_DE","og_type":"article","og_title":"Impressum - Theatermuseasten - Freunde des Deutschen Theatermuseums M\u00fcnchen e.V.","og_description":"Verantwortlich f\u00fcr den Inhalt dieses Webauftritts: THEATERMUSEASTEN \u2013 Freunde des Deutschen Theatermuseums M\u00fcnchen e.V. Martin Laiblin 1. Vorsitzender Sitz des Vereins: Galeriestr. 4a 80539 M\u00fcnchen Steuer-Nr.: 143\/222\/80808 Bildnachweis \/ Urhebernachweis: Martin Laiblin Gestaltung, Konzeption, Realisierung, Redaktion der Website: Silke Kuhla www.agentur-wortgestalten.de Verbraucher\u00adstreit\u00adbeilegung\/Universal\u00adschlichtungs\u00adstelle Wir sind nicht bereit oder verpflichtet, an Streitbeilegungsverfahren vor einer Verbraucherschlichtungsstelle teilzunehmen. Quelle:\u00a0https:\/\/www.e-recht24.de\/impressum-generator.html [&hellip;]","og_url":"https:\/\/www.theatermuseasten.de\/index.php\/impressumdatenschutz\/","og_site_name":"Theatermuseasten - Freunde des Deutschen Theatermuseums M\u00fcnchen e.V.","article_modified_time":"2025-08-14T14:51:33+00:00","twitter_card":"summary_large_image","twitter_misc":{"Gesch\u00e4tzte Lesezeit":"1\u00a0Minute"},"schema":{"@context":"https:\/\/schema.org","@graph":[{"@type":"WebPage","@id":"https:\/\/www.theatermuseasten.de\/index.php\/impressumdatenschutz\/","url":"https:\/\/www.theatermuseasten.de\/index.php\/impressumdatenschutz\/","name":"Impressum - Theatermuseasten - Freunde des Deutschen Theatermuseums M\u00fcnchen e.V.","isPartOf":{"@id":"https:\/\/www.theatermuseasten.de\/#website"},"datePublished":"2017-05-18T15:01:00+00:00","dateModified":"2025-08-14T14:51:33+00:00","breadcrumb":{"@id":"https:\/\/www.theatermuseasten.de\/index.php\/impressumdatenschutz\/#breadcrumb"},"inLanguage":"de","potentialAction":[{"@type":"ReadAction","target":["https:\/\/www.theatermuseasten.de\/index.php\/impressumdatenschutz\/"]}]},{"@type":"BreadcrumbList","@id":"https:\/\/www.theatermuseasten.de\/index.php\/impressumdatenschutz\/#breadcrumb","itemListElement":[{"@type":"ListItem","position":1,"name":"Startseite","item":"https:\/\/www.theatermuseasten.de\/"},{"@type":"ListItem","position":2,"name":"Impressum"}]},{"@type":"WebSite","@id":"https:\/\/www.theatermuseasten.de\/#website","url":"https:\/\/www.theatermuseasten.de\/","name":"Theatermuseasten - Freunde des Deutschen Theatermuseums M\u00fcnchen e.V.","description":"F\u00f6rderverein Deutsches Theatermuseums M\u00fcnchen e.V.","potentialAction":[{"@type":"SearchAction","target":{"@type":"EntryPoint","urlTemplate":"https:\/\/www.theatermuseasten.de\/?s={search_term_string}"},"query-input":{"@type":"PropertyValueSpecification","valueRequired":true,"valueName":"search_term_string"}}],"inLanguage":"de"}]}},"_links":{"self":[{"href":"https:\/\/www.theatermuseasten.de\/index.php\/wp-json\/wp\/v2\/pages\/349","targetHints":{"allow":["GET"]}}],"collection":[{"href":"https:\/\/www.theatermuseasten.de\/index.php\/wp-json\/wp\/v2\/pages"}],"about":[{"href":"https:\/\/www.theatermuseasten.de\/index.php\/wp-json\/wp\/v2\/types\/page"}],"author":[{"embeddable":true,"href":"https:\/\/www.theatermuseasten.de\/index.php\/wp-json\/wp\/v2\/users\/1"}],"replies":[{"embeddable":true,"href":"https:\/\/www.theatermuseasten.de\/index.php\/wp-json\/wp\/v2\/comments?post=349"}],"version-history":[{"count":10,"href":"https:\/\/www.theatermuseasten.de\/index.php\/wp-json\/wp\/v2\/pages\/349\/revisions"}],"predecessor-version":[{"id":710,"href":"https:\/\/www.theatermuseasten.de\/index.php\/wp-json\/wp\/v2\/pages\/349\/revisions\/710"}],"wp:attachment":[{"href":"https:\/\/www.theatermuseasten.de\/index.php\/wp-json\/wp\/v2\/media?parent=349"}],"curies":[{"name":"wp","href":"https:\/\/api.w.org\/{rel}","templated":true}]}}