{"id":19,"date":"2017-05-15T19:39:00","date_gmt":"2017-05-15T17:39:00","guid":{"rendered":"https:\/\/www.theatermuseasten.de\/?page_id=19"},"modified":"2022-11-01T10:13:27","modified_gmt":"2022-11-01T09:13:27","slug":"contact-us","status":"publish","type":"page","link":"https:\/\/www.theatermuseasten.de\/index.php\/contact-us\/","title":{"rendered":"THEATERMUSEASTEN &#8211; Kontaktieren Sie uns!"},"content":{"rendered":"<p>THEATERMUSEASTEN \u2013 Freunde des Deutschen Theatermuseums M\u00fcnchen e.V.<\/p>\n<p><strong>Sitz des Vereins:<\/strong><br \/>\nGaleriestr. 4a<br \/>\n80539 M\u00fcnchen<\/p>\n<p><strong>Postadresse:<\/strong><br \/>\nPostfach 22 12 55<br \/>\n80502 M\u00fcnchen<\/p>\n<p>Telefon: 089-21 06 91 0<br \/>\nTelefax: 089-21 06 91 91<br \/>\nEmail: <a class=\"link\" href=\"mailto:contact@theatermuseasten.de\">contact@theatermuseasten.de<\/a><\/p>\n<p>&nbsp;<\/p>\n<p><strong>Bankverbindung:<\/strong><br \/>\nStadtsparkasse M\u00fcnchen<br \/>\nKonto 28 77 14<br \/>\nBLZ 701 500 00<br \/>\nIBAN DE68 7015 0000 0000 2877 14<br \/>\nBIC SSKMDEMMXXX<\/p>\n<p>Hinweis: Mit dem Absenden Ihrer Anfrage erkl\u00e4ren Sie sich mit der Verarbeitung Ihrer angegebenen Daten zum Zweck der Bearbeitung Ihrer Anfrage einverstanden (<a href=\"https:\/\/www.theatermuseasten.de\/index.php\/datenschutz\/\">Datenschutzerkl\u00e4rung<\/a>)<\/p>\n\n<div class=\"wpcf7 no-js\" id=\"wpcf7-f280-o1\" lang=\"de-DE\" dir=\"ltr\" data-wpcf7-id=\"280\">\n<div class=\"screen-reader-response\"><p role=\"status\" aria-live=\"polite\" aria-atomic=\"true\"><\/p> <ul><\/ul><\/div>\n<form action=\"\/index.php\/wp-json\/wp\/v2\/pages\/19#wpcf7-f280-o1\" method=\"post\" class=\"wpcf7-form init\" aria-label=\"Kontaktformular\" novalidate=\"novalidate\" data-status=\"init\">\n<fieldset class=\"hidden-fields-container\"><input type=\"hidden\" name=\"_wpcf7\" value=\"280\" \/><input type=\"hidden\" name=\"_wpcf7_version\" value=\"6.1.3\" \/><input type=\"hidden\" name=\"_wpcf7_locale\" value=\"de_DE\" \/><input type=\"hidden\" name=\"_wpcf7_unit_tag\" value=\"wpcf7-f280-o1\" \/><input type=\"hidden\" name=\"_wpcf7_container_post\" value=\"0\" \/><input type=\"hidden\" name=\"_wpcf7_posted_data_hash\" value=\"\" \/>\n<\/fieldset>\n<h3><span style=\"color: #98032e;\">Ihre Nachricht an uns: <span><\/span><\/span>\n<\/h3>\n<table>\n\t<tr>\n\t\t<td>\n\t\t\t<p>Ihr Name<br \/>\n<span class=\"wpcf7-form-control-wrap\" data-name=\"your-name\"><input size=\"40\" maxlength=\"400\" class=\"wpcf7-form-control wpcf7-text\" aria-invalid=\"false\" value=\"\" type=\"text\" name=\"your-name\" \/><\/span>\n\t\t\t<\/p>\n\t\t<\/td>\n\t<\/tr>\n\t<tr>\n\t\t<td>\n\t\t\t<p>Ihre E-Mail-Adresse (Pflichtfeld) \u00a0<br \/>\n<span class=\"wpcf7-form-control-wrap\" data-name=\"your-email\"><input size=\"40\" maxlength=\"400\" class=\"wpcf7-form-control wpcf7-email wpcf7-validates-as-required wpcf7-text wpcf7-validates-as-email\" aria-required=\"true\" aria-invalid=\"false\" value=\"\" type=\"email\" name=\"your-email\" \/><\/span>\n\t\t\t<\/p>\n\t\t<\/td>\n\t<\/tr>\n\t<tr>\n\t\t<td>\n\t\t\t<p>Betreff\u00a0\u00a0\u00a0\u00a0\u00a0<br \/>\n<span class=\"wpcf7-form-control-wrap\" data-name=\"your-subject\"><input size=\"40\" maxlength=\"400\" class=\"wpcf7-form-control wpcf7-text\" aria-invalid=\"false\" value=\"\" type=\"text\" name=\"your-subject\" \/><\/span>\n\t\t\t<\/p>\n\t\t<\/td>\n\t<\/tr>\n\t<tr>\n\t\t<td>\n\t\t\t<p>Ihre Nachricht<br \/>\n<span class=\"wpcf7-form-control-wrap\" data-name=\"your-message\"><textarea cols=\"40\" rows=\"10\" maxlength=\"2000\" class=\"wpcf7-form-control wpcf7-textarea\" aria-invalid=\"false\" name=\"your-message\"><\/textarea><\/span>\n\t\t\t<\/p>\n\t\t<\/td>\n\t<\/tr>\n\t<tr>\n\t\t<td>\n\t\t\t<p>[wpgdprc \"Mit der Nutzung dieses Formulars erkl\u00e4rst du dich mit der Speicherung und Verarbeitung deiner Daten durch diese Website einverstanden.\"]\n\t\t\t<\/p>\n\t\t\t<p><input class=\"wpcf7-form-control wpcf7-submit has-spinner\" type=\"submit\" value=\"Senden\" \/>\n\t\t\t<\/p>\n\t\t<\/td>\n\t<\/tr>\n<\/table><div class=\"wpcf7-response-output\" aria-hidden=\"true\"><\/div>\n<\/form>\n<\/div>\n\n<p>&nbsp;<\/p>\n","protected":false},"excerpt":{"rendered":"<p>THEATERMUSEASTEN \u2013 Freunde des Deutschen Theatermuseums M\u00fcnchen e.V. Sitz des Vereins: Galeriestr. 4a 80539 M\u00fcnchen Postadresse: Postfach 22 12 55 80502 M\u00fcnchen Telefon: 089-21 06 91 0 Telefax: 089-21 06 91 91 Email: contact@theatermuseasten.de &nbsp; Bankverbindung: Stadtsparkasse M\u00fcnchen Konto 28 77 14 BLZ 701 500 00 IBAN DE68 7015 0000 0000 2877 14 BIC SSKMDEMMXXX [&hellip;]<\/p>\n","protected":false},"author":1,"featured_media":0,"parent":0,"menu_order":0,"comment_status":"closed","ping_status":"closed","template":"","meta":{"footnotes":""},"class_list":["post-19","page","type-page","status-publish","hentry"],"yoast_head":"<!-- This site is optimized with the Yoast SEO plugin v26.3 - https:\/\/yoast.com\/wordpress\/plugins\/seo\/ -->\n<title>THEATERMUSEASTEN &#8211; Kontaktieren Sie uns! - Theatermuseasten - Freunde des Deutschen Theatermuseums M\u00fcnchen e.V.<\/title>\n<meta name=\"robots\" content=\"index, follow, max-snippet:-1, max-image-preview:large, max-video-preview:-1\" \/>\n<link rel=\"canonical\" href=\"https:\/\/www.theatermuseasten.de\/index.php\/contact-us\/\" \/>\n<meta property=\"og:locale\" content=\"de_DE\" \/>\n<meta property=\"og:type\" content=\"article\" \/>\n<meta property=\"og:title\" content=\"THEATERMUSEASTEN &#8211; Kontaktieren Sie uns! - Theatermuseasten - Freunde des Deutschen Theatermuseums M\u00fcnchen e.V.\" \/>\n<meta property=\"og:description\" content=\"THEATERMUSEASTEN \u2013 Freunde des Deutschen Theatermuseums M\u00fcnchen e.V. Sitz des Vereins: Galeriestr. 4a 80539 M\u00fcnchen Postadresse: Postfach 22 12 55 80502 M\u00fcnchen Telefon: 089-21 06 91 0 Telefax: 089-21 06 91 91 Email: contact@theatermuseasten.de &nbsp; Bankverbindung: Stadtsparkasse M\u00fcnchen Konto 28 77 14 BLZ 701 500 00 IBAN DE68 7015 0000 0000 2877 14 BIC SSKMDEMMXXX [&hellip;]\" \/>\n<meta property=\"og:url\" content=\"https:\/\/www.theatermuseasten.de\/index.php\/contact-us\/\" \/>\n<meta property=\"og:site_name\" content=\"Theatermuseasten - Freunde des Deutschen Theatermuseums M\u00fcnchen e.V.\" \/>\n<meta property=\"article:modified_time\" content=\"2022-11-01T09:13:27+00:00\" \/>\n<meta name=\"twitter:card\" content=\"summary_large_image\" \/>\n<meta name=\"twitter:label1\" content=\"Gesch\u00e4tzte Lesezeit\" \/>\n\t<meta name=\"twitter:data1\" content=\"1\u00a0Minute\" \/>\n<script type=\"application\/ld+json\" class=\"yoast-schema-graph\">{\"@context\":\"https:\/\/schema.org\",\"@graph\":[{\"@type\":\"WebPage\",\"@id\":\"https:\/\/www.theatermuseasten.de\/index.php\/contact-us\/\",\"url\":\"https:\/\/www.theatermuseasten.de\/index.php\/contact-us\/\",\"name\":\"THEATERMUSEASTEN &#8211; Kontaktieren Sie uns! - Theatermuseasten - Freunde des Deutschen Theatermuseums M\u00fcnchen e.V.\",\"isPartOf\":{\"@id\":\"https:\/\/www.theatermuseasten.de\/#website\"},\"datePublished\":\"2017-05-15T17:39:00+00:00\",\"dateModified\":\"2022-11-01T09:13:27+00:00\",\"breadcrumb\":{\"@id\":\"https:\/\/www.theatermuseasten.de\/index.php\/contact-us\/#breadcrumb\"},\"inLanguage\":\"de\",\"potentialAction\":[{\"@type\":\"ReadAction\",\"target\":[\"https:\/\/www.theatermuseasten.de\/index.php\/contact-us\/\"]}]},{\"@type\":\"BreadcrumbList\",\"@id\":\"https:\/\/www.theatermuseasten.de\/index.php\/contact-us\/#breadcrumb\",\"itemListElement\":[{\"@type\":\"ListItem\",\"position\":1,\"name\":\"Startseite\",\"item\":\"https:\/\/www.theatermuseasten.de\/\"},{\"@type\":\"ListItem\",\"position\":2,\"name\":\"THEATERMUSEASTEN &#8211; Kontaktieren Sie uns!\"}]},{\"@type\":\"WebSite\",\"@id\":\"https:\/\/www.theatermuseasten.de\/#website\",\"url\":\"https:\/\/www.theatermuseasten.de\/\",\"name\":\"Theatermuseasten - Freunde des Deutschen Theatermuseums M\u00fcnchen e.V.\",\"description\":\"F\u00f6rderverein Deutsches Theatermuseums M\u00fcnchen e.V.\",\"potentialAction\":[{\"@type\":\"SearchAction\",\"target\":{\"@type\":\"EntryPoint\",\"urlTemplate\":\"https:\/\/www.theatermuseasten.de\/?s={search_term_string}\"},\"query-input\":{\"@type\":\"PropertyValueSpecification\",\"valueRequired\":true,\"valueName\":\"search_term_string\"}}],\"inLanguage\":\"de\"}]}<\/script>\n<!-- \/ Yoast SEO plugin. -->","yoast_head_json":{"title":"THEATERMUSEASTEN &#8211; Kontaktieren Sie uns! - Theatermuseasten - Freunde des Deutschen Theatermuseums M\u00fcnchen e.V.","robots":{"index":"index","follow":"follow","max-snippet":"max-snippet:-1","max-image-preview":"max-image-preview:large","max-video-preview":"max-video-preview:-1"},"canonical":"https:\/\/www.theatermuseasten.de\/index.php\/contact-us\/","og_locale":"de_DE","og_type":"article","og_title":"THEATERMUSEASTEN &#8211; Kontaktieren Sie uns! - Theatermuseasten - Freunde des Deutschen Theatermuseums M\u00fcnchen e.V.","og_description":"THEATERMUSEASTEN \u2013 Freunde des Deutschen Theatermuseums M\u00fcnchen e.V. Sitz des Vereins: Galeriestr. 4a 80539 M\u00fcnchen Postadresse: Postfach 22 12 55 80502 M\u00fcnchen Telefon: 089-21 06 91 0 Telefax: 089-21 06 91 91 Email: contact@theatermuseasten.de &nbsp; Bankverbindung: Stadtsparkasse M\u00fcnchen Konto 28 77 14 BLZ 701 500 00 IBAN DE68 7015 0000 0000 2877 14 BIC SSKMDEMMXXX [&hellip;]","og_url":"https:\/\/www.theatermuseasten.de\/index.php\/contact-us\/","og_site_name":"Theatermuseasten - Freunde des Deutschen Theatermuseums M\u00fcnchen e.V.","article_modified_time":"2022-11-01T09:13:27+00:00","twitter_card":"summary_large_image","twitter_misc":{"Gesch\u00e4tzte Lesezeit":"1\u00a0Minute"},"schema":{"@context":"https:\/\/schema.org","@graph":[{"@type":"WebPage","@id":"https:\/\/www.theatermuseasten.de\/index.php\/contact-us\/","url":"https:\/\/www.theatermuseasten.de\/index.php\/contact-us\/","name":"THEATERMUSEASTEN &#8211; Kontaktieren Sie uns! - Theatermuseasten - Freunde des Deutschen Theatermuseums M\u00fcnchen e.V.","isPartOf":{"@id":"https:\/\/www.theatermuseasten.de\/#website"},"datePublished":"2017-05-15T17:39:00+00:00","dateModified":"2022-11-01T09:13:27+00:00","breadcrumb":{"@id":"https:\/\/www.theatermuseasten.de\/index.php\/contact-us\/#breadcrumb"},"inLanguage":"de","potentialAction":[{"@type":"ReadAction","target":["https:\/\/www.theatermuseasten.de\/index.php\/contact-us\/"]}]},{"@type":"BreadcrumbList","@id":"https:\/\/www.theatermuseasten.de\/index.php\/contact-us\/#breadcrumb","itemListElement":[{"@type":"ListItem","position":1,"name":"Startseite","item":"https:\/\/www.theatermuseasten.de\/"},{"@type":"ListItem","position":2,"name":"THEATERMUSEASTEN &#8211; Kontaktieren Sie uns!"}]},{"@type":"WebSite","@id":"https:\/\/www.theatermuseasten.de\/#website","url":"https:\/\/www.theatermuseasten.de\/","name":"Theatermuseasten - Freunde des Deutschen Theatermuseums M\u00fcnchen e.V.","description":"F\u00f6rderverein Deutsches Theatermuseums M\u00fcnchen e.V.","potentialAction":[{"@type":"SearchAction","target":{"@type":"EntryPoint","urlTemplate":"https:\/\/www.theatermuseasten.de\/?s={search_term_string}"},"query-input":{"@type":"PropertyValueSpecification","valueRequired":true,"valueName":"search_term_string"}}],"inLanguage":"de"}]}},"_links":{"self":[{"href":"https:\/\/www.theatermuseasten.de\/index.php\/wp-json\/wp\/v2\/pages\/19","targetHints":{"allow":["GET"]}}],"collection":[{"href":"https:\/\/www.theatermuseasten.de\/index.php\/wp-json\/wp\/v2\/pages"}],"about":[{"href":"https:\/\/www.theatermuseasten.de\/index.php\/wp-json\/wp\/v2\/types\/page"}],"author":[{"embeddable":true,"href":"https:\/\/www.theatermuseasten.de\/index.php\/wp-json\/wp\/v2\/users\/1"}],"replies":[{"embeddable":true,"href":"https:\/\/www.theatermuseasten.de\/index.php\/wp-json\/wp\/v2\/comments?post=19"}],"version-history":[{"count":25,"href":"https:\/\/www.theatermuseasten.de\/index.php\/wp-json\/wp\/v2\/pages\/19\/revisions"}],"predecessor-version":[{"id":698,"href":"https:\/\/www.theatermuseasten.de\/index.php\/wp-json\/wp\/v2\/pages\/19\/revisions\/698"}],"wp:attachment":[{"href":"https:\/\/www.theatermuseasten.de\/index.php\/wp-json\/wp\/v2\/media?parent=19"}],"curies":[{"name":"wp","href":"https:\/\/api.w.org\/{rel}","templated":true}]}}