{"id":17,"date":"2017-05-15T19:37:29","date_gmt":"2017-05-15T17:37:29","guid":{"rendered":"https:\/\/www.theatermuseasten.de\/?page_id=17"},"modified":"2019-10-13T11:11:47","modified_gmt":"2019-10-13T09:11:47","slug":"have-a-seat","status":"publish","type":"page","link":"https:\/\/www.theatermuseasten.de\/index.php\/have-a-seat\/","title":{"rendered":"<span style=\"font-family: Segoe Script; color: #98032e;\"> Have a<\/span> THEATERMU<span style=\"color: #98032e;\">SEA<\/span>S<span style=\"color: #98032e;\">T<\/span>EN, <span style=\"font-family: Segoe Script; color: #98032e;\"> please!  &#8211; Wir laden Sie ein!<\/span>"},"content":{"rendered":"<p>Uns THEATERMUSEASTEN ist es ein ganz besonderes Anliegen, ebenso weite wie weitere Kreise f\u00fcr das Deutsche Theatermuseum M\u00fcnchen zu interessieren und den Kontakt zwischen dem Museum und der \u00d6ffentlichkeit zu f\u00f6rdern, speziell durch die Veranstaltung von Vortr\u00e4gen und F\u00fchrungen, Gespr\u00e4chen und Exkursionen.<\/p>\n<p>&nbsp;<\/p>\n<p><a href=\"https:\/\/www.theatermuseasten.de\/wp-content\/uploads\/2019\/10\/oktober_2019_baustelle.png\" rel=\"lightbox[17]\"><img loading=\"lazy\" decoding=\"async\" class=\"aligncenter size-large wp-image-653\" src=\"https:\/\/www.theatermuseasten.de\/wp-content\/uploads\/2019\/10\/oktober_2019_baustelle-1024x687.png\" alt=\"\" width=\"1024\" height=\"687\" srcset=\"https:\/\/www.theatermuseasten.de\/wp-content\/uploads\/2019\/10\/oktober_2019_baustelle-1024x687.png 1024w, https:\/\/www.theatermuseasten.de\/wp-content\/uploads\/2019\/10\/oktober_2019_baustelle-300x201.png 300w, https:\/\/www.theatermuseasten.de\/wp-content\/uploads\/2019\/10\/oktober_2019_baustelle-768x515.png 768w, https:\/\/www.theatermuseasten.de\/wp-content\/uploads\/2019\/10\/oktober_2019_baustelle-410x275.png 410w, https:\/\/www.theatermuseasten.de\/wp-content\/uploads\/2019\/10\/oktober_2019_baustelle-100x67.png 100w, https:\/\/www.theatermuseasten.de\/wp-content\/uploads\/2019\/10\/oktober_2019_baustelle-275x184.png 275w, https:\/\/www.theatermuseasten.de\/wp-content\/uploads\/2019\/10\/oktober_2019_baustelle.png 1637w\" sizes=\"auto, (max-width: 1024px) 100vw, 1024px\" \/><\/a><\/p>\n","protected":false},"excerpt":{"rendered":"<p>Uns THEATERMUSEASTEN ist es ein ganz besonderes Anliegen, ebenso weite wie weitere Kreise f\u00fcr das Deutsche Theatermuseum M\u00fcnchen zu interessieren und den Kontakt zwischen dem Museum und der \u00d6ffentlichkeit zu f\u00f6rdern, speziell durch die Veranstaltung von Vortr\u00e4gen und F\u00fchrungen, Gespr\u00e4chen und Exkursionen. &nbsp;<\/p>\n","protected":false},"author":1,"featured_media":0,"parent":0,"menu_order":0,"comment_status":"closed","ping_status":"closed","template":"","meta":{"footnotes":""},"class_list":["post-17","page","type-page","status-publish","hentry"],"yoast_head":"<!-- This site is optimized with the Yoast SEO plugin v26.3 - https:\/\/yoast.com\/wordpress\/plugins\/seo\/ -->\n<title>Have a THEATERMUSEASTEN,  please! - Wir laden Sie ein! - Theatermuseasten - Freunde des Deutschen Theatermuseums M\u00fcnchen e.V.<\/title>\n<meta name=\"robots\" content=\"index, follow, max-snippet:-1, max-image-preview:large, max-video-preview:-1\" \/>\n<link rel=\"canonical\" href=\"https:\/\/www.theatermuseasten.de\/index.php\/have-a-seat\/\" \/>\n<meta property=\"og:locale\" content=\"de_DE\" \/>\n<meta property=\"og:type\" content=\"article\" \/>\n<meta property=\"og:title\" content=\"Have a THEATERMUSEASTEN,  please! - Wir laden Sie ein! - Theatermuseasten - Freunde des Deutschen Theatermuseums M\u00fcnchen e.V.\" \/>\n<meta property=\"og:description\" content=\"Uns THEATERMUSEASTEN ist es ein ganz besonderes Anliegen, ebenso weite wie weitere Kreise f\u00fcr das Deutsche Theatermuseum M\u00fcnchen zu interessieren und den Kontakt zwischen dem Museum und der \u00d6ffentlichkeit zu f\u00f6rdern, speziell durch die Veranstaltung von Vortr\u00e4gen und F\u00fchrungen, Gespr\u00e4chen und Exkursionen. &nbsp;\" \/>\n<meta property=\"og:url\" content=\"https:\/\/www.theatermuseasten.de\/index.php\/have-a-seat\/\" \/>\n<meta property=\"og:site_name\" content=\"Theatermuseasten - Freunde des Deutschen Theatermuseums M\u00fcnchen e.V.\" \/>\n<meta property=\"article:modified_time\" content=\"2019-10-13T09:11:47+00:00\" \/>\n<meta property=\"og:image\" content=\"https:\/\/www.theatermuseasten.de\/wp-content\/uploads\/2019\/10\/oktober_2019_baustelle-1024x687.png\" \/>\n<meta name=\"twitter:card\" content=\"summary_large_image\" \/>\n<script type=\"application\/ld+json\" class=\"yoast-schema-graph\">{\"@context\":\"https:\/\/schema.org\",\"@graph\":[{\"@type\":\"WebPage\",\"@id\":\"https:\/\/www.theatermuseasten.de\/index.php\/have-a-seat\/\",\"url\":\"https:\/\/www.theatermuseasten.de\/index.php\/have-a-seat\/\",\"name\":\"Have a THEATERMUSEASTEN, please! - Wir laden Sie ein! - Theatermuseasten - Freunde des Deutschen Theatermuseums M\u00fcnchen e.V.\",\"isPartOf\":{\"@id\":\"https:\/\/www.theatermuseasten.de\/#website\"},\"primaryImageOfPage\":{\"@id\":\"https:\/\/www.theatermuseasten.de\/index.php\/have-a-seat\/#primaryimage\"},\"image\":{\"@id\":\"https:\/\/www.theatermuseasten.de\/index.php\/have-a-seat\/#primaryimage\"},\"thumbnailUrl\":\"https:\/\/www.theatermuseasten.de\/wp-content\/uploads\/2019\/10\/oktober_2019_baustelle-1024x687.png\",\"datePublished\":\"2017-05-15T17:37:29+00:00\",\"dateModified\":\"2019-10-13T09:11:47+00:00\",\"breadcrumb\":{\"@id\":\"https:\/\/www.theatermuseasten.de\/index.php\/have-a-seat\/#breadcrumb\"},\"inLanguage\":\"de\",\"potentialAction\":[{\"@type\":\"ReadAction\",\"target\":[\"https:\/\/www.theatermuseasten.de\/index.php\/have-a-seat\/\"]}]},{\"@type\":\"ImageObject\",\"inLanguage\":\"de\",\"@id\":\"https:\/\/www.theatermuseasten.de\/index.php\/have-a-seat\/#primaryimage\",\"url\":\"https:\/\/www.theatermuseasten.de\/wp-content\/uploads\/2019\/10\/oktober_2019_baustelle.png\",\"contentUrl\":\"https:\/\/www.theatermuseasten.de\/wp-content\/uploads\/2019\/10\/oktober_2019_baustelle.png\",\"width\":1637,\"height\":1098},{\"@type\":\"BreadcrumbList\",\"@id\":\"https:\/\/www.theatermuseasten.de\/index.php\/have-a-seat\/#breadcrumb\",\"itemListElement\":[{\"@type\":\"ListItem\",\"position\":1,\"name\":\"Startseite\",\"item\":\"https:\/\/www.theatermuseasten.de\/\"},{\"@type\":\"ListItem\",\"position\":2,\"name\":\"Have a THEATERMUSEASTEN, please! &#8211; Wir laden Sie ein!\"}]},{\"@type\":\"WebSite\",\"@id\":\"https:\/\/www.theatermuseasten.de\/#website\",\"url\":\"https:\/\/www.theatermuseasten.de\/\",\"name\":\"Theatermuseasten - Freunde des Deutschen Theatermuseums M\u00fcnchen e.V.\",\"description\":\"F\u00f6rderverein Deutsches Theatermuseums M\u00fcnchen e.V.\",\"potentialAction\":[{\"@type\":\"SearchAction\",\"target\":{\"@type\":\"EntryPoint\",\"urlTemplate\":\"https:\/\/www.theatermuseasten.de\/?s={search_term_string}\"},\"query-input\":{\"@type\":\"PropertyValueSpecification\",\"valueRequired\":true,\"valueName\":\"search_term_string\"}}],\"inLanguage\":\"de\"}]}<\/script>\n<!-- \/ Yoast SEO plugin. -->","yoast_head_json":{"title":"Have a THEATERMUSEASTEN,  please! - Wir laden Sie ein! - Theatermuseasten - Freunde des Deutschen Theatermuseums M\u00fcnchen e.V.","robots":{"index":"index","follow":"follow","max-snippet":"max-snippet:-1","max-image-preview":"max-image-preview:large","max-video-preview":"max-video-preview:-1"},"canonical":"https:\/\/www.theatermuseasten.de\/index.php\/have-a-seat\/","og_locale":"de_DE","og_type":"article","og_title":"Have a THEATERMUSEASTEN,  please! - Wir laden Sie ein! - Theatermuseasten - Freunde des Deutschen Theatermuseums M\u00fcnchen e.V.","og_description":"Uns THEATERMUSEASTEN ist es ein ganz besonderes Anliegen, ebenso weite wie weitere Kreise f\u00fcr das Deutsche Theatermuseum M\u00fcnchen zu interessieren und den Kontakt zwischen dem Museum und der \u00d6ffentlichkeit zu f\u00f6rdern, speziell durch die Veranstaltung von Vortr\u00e4gen und F\u00fchrungen, Gespr\u00e4chen und Exkursionen. &nbsp;","og_url":"https:\/\/www.theatermuseasten.de\/index.php\/have-a-seat\/","og_site_name":"Theatermuseasten - Freunde des Deutschen Theatermuseums M\u00fcnchen e.V.","article_modified_time":"2019-10-13T09:11:47+00:00","og_image":[{"url":"https:\/\/www.theatermuseasten.de\/wp-content\/uploads\/2019\/10\/oktober_2019_baustelle-1024x687.png","type":"","width":"","height":""}],"twitter_card":"summary_large_image","schema":{"@context":"https:\/\/schema.org","@graph":[{"@type":"WebPage","@id":"https:\/\/www.theatermuseasten.de\/index.php\/have-a-seat\/","url":"https:\/\/www.theatermuseasten.de\/index.php\/have-a-seat\/","name":"Have a THEATERMUSEASTEN, please! - Wir laden Sie ein! - Theatermuseasten - Freunde des Deutschen Theatermuseums M\u00fcnchen e.V.","isPartOf":{"@id":"https:\/\/www.theatermuseasten.de\/#website"},"primaryImageOfPage":{"@id":"https:\/\/www.theatermuseasten.de\/index.php\/have-a-seat\/#primaryimage"},"image":{"@id":"https:\/\/www.theatermuseasten.de\/index.php\/have-a-seat\/#primaryimage"},"thumbnailUrl":"https:\/\/www.theatermuseasten.de\/wp-content\/uploads\/2019\/10\/oktober_2019_baustelle-1024x687.png","datePublished":"2017-05-15T17:37:29+00:00","dateModified":"2019-10-13T09:11:47+00:00","breadcrumb":{"@id":"https:\/\/www.theatermuseasten.de\/index.php\/have-a-seat\/#breadcrumb"},"inLanguage":"de","potentialAction":[{"@type":"ReadAction","target":["https:\/\/www.theatermuseasten.de\/index.php\/have-a-seat\/"]}]},{"@type":"ImageObject","inLanguage":"de","@id":"https:\/\/www.theatermuseasten.de\/index.php\/have-a-seat\/#primaryimage","url":"https:\/\/www.theatermuseasten.de\/wp-content\/uploads\/2019\/10\/oktober_2019_baustelle.png","contentUrl":"https:\/\/www.theatermuseasten.de\/wp-content\/uploads\/2019\/10\/oktober_2019_baustelle.png","width":1637,"height":1098},{"@type":"BreadcrumbList","@id":"https:\/\/www.theatermuseasten.de\/index.php\/have-a-seat\/#breadcrumb","itemListElement":[{"@type":"ListItem","position":1,"name":"Startseite","item":"https:\/\/www.theatermuseasten.de\/"},{"@type":"ListItem","position":2,"name":"Have a THEATERMUSEASTEN, please! &#8211; Wir laden Sie ein!"}]},{"@type":"WebSite","@id":"https:\/\/www.theatermuseasten.de\/#website","url":"https:\/\/www.theatermuseasten.de\/","name":"Theatermuseasten - Freunde des Deutschen Theatermuseums M\u00fcnchen e.V.","description":"F\u00f6rderverein Deutsches Theatermuseums M\u00fcnchen e.V.","potentialAction":[{"@type":"SearchAction","target":{"@type":"EntryPoint","urlTemplate":"https:\/\/www.theatermuseasten.de\/?s={search_term_string}"},"query-input":{"@type":"PropertyValueSpecification","valueRequired":true,"valueName":"search_term_string"}}],"inLanguage":"de"}]}},"_links":{"self":[{"href":"https:\/\/www.theatermuseasten.de\/index.php\/wp-json\/wp\/v2\/pages\/17","targetHints":{"allow":["GET"]}}],"collection":[{"href":"https:\/\/www.theatermuseasten.de\/index.php\/wp-json\/wp\/v2\/pages"}],"about":[{"href":"https:\/\/www.theatermuseasten.de\/index.php\/wp-json\/wp\/v2\/types\/page"}],"author":[{"embeddable":true,"href":"https:\/\/www.theatermuseasten.de\/index.php\/wp-json\/wp\/v2\/users\/1"}],"replies":[{"embeddable":true,"href":"https:\/\/www.theatermuseasten.de\/index.php\/wp-json\/wp\/v2\/comments?post=17"}],"version-history":[{"count":13,"href":"https:\/\/www.theatermuseasten.de\/index.php\/wp-json\/wp\/v2\/pages\/17\/revisions"}],"predecessor-version":[{"id":655,"href":"https:\/\/www.theatermuseasten.de\/index.php\/wp-json\/wp\/v2\/pages\/17\/revisions\/655"}],"wp:attachment":[{"href":"https:\/\/www.theatermuseasten.de\/index.php\/wp-json\/wp\/v2\/media?parent=17"}],"curies":[{"name":"wp","href":"https:\/\/api.w.org\/{rel}","templated":true}]}}