{"id":15,"date":"2017-05-15T19:37:11","date_gmt":"2017-05-15T17:37:11","guid":{"rendered":"https:\/\/www.theatermuseasten.de\/?page_id=15"},"modified":"2017-05-20T18:53:30","modified_gmt":"2017-05-20T16:53:30","slug":"the-terms","status":"publish","type":"page","link":"https:\/\/www.theatermuseasten.de\/index.php\/the-terms\/","title":{"rendered":"<span style=\"color: #98032e;\">THE<\/span>A<span style=\"color: #98032e;\">TERM<\/span>U<span style=\"color: #98032e;\">S<\/span>EASTEN <span style=\"font-family: Segoe Script; color: #98032e;\">&#8211;  Unsere Mitgliedsgeb\u00fchren<\/span>"},"content":{"rendered":"<p>Werden Sie noch heute Mitglied! Das Beitrittsformular k\u00f6nnen Sie hier herunter laden und postalisch zur\u00fccksenden oder ganz einfach im Theatermuseum ausf\u00fcllen.<\/p>\n<p>Folgende Vorz\u00fcge erwarten Sie:<\/p>\n<p>&#8211; kostenfreier Eintritt ins Theatermuseum<br \/>\n&#8211; 20% Erm\u00e4\u00dfigung auf <a href=\"https:\/\/www.deutschestheatermuseum.de\/p\/blog-page_20.html\" target=\"_blank\" rel=\"noopener noreferrer\">Ver\u00f6ffentlichungen des Theatermuseums <\/a><br \/>\n&#8211; Einladung zu Ausstellungser\u00f6ffnungen<br \/>\n&#8211; Teilnahme an exklusiven Sonderf\u00fchrungen<\/p>\n<p>Von Ihrem Mitgliedsbeitrag und Ihrer Spende erhalten Sie j\u00e4hrlich eine Best\u00e4tigung f\u00fcr Ihre Unterlagen und zur Vorlage bei der Steuer.<\/p>\n<h3><span style=\"color: #98032e;\">Jahresbeitr\u00e4ge<\/span><\/h3>\n<table>\n<tbody>\n<tr>\n<td width=\"450\">Einzelmitgliedschaft THEATERMUSEAST <span style=\"font-family: Segoe Script; color: #98032e;\">Campus<\/span><br \/>\nSch\u00fcler, Studenten und Auszubildende<br \/>\nbis zum 30. Lebensjahr (mit Ausweis)<\/td>\n<td>10 \u20ac<\/td>\n<\/tr>\n<tr>\n<td>Einzelmitgliedschaft THEATERMUSEAST<\/td>\n<td>55 \u20ac<\/td>\n<\/tr>\n<tr>\n<td width=\"450\">Einzelmitgliedschaft THEATERMUSEAST <span style=\"font-family: Segoe Script; color: #98032e;\">Plus<\/span> *<br \/>\n*vorl\u00e4ufig auch als Partnertarif g\u00fcltig<\/td>\n<td>55 \u20ac + eine j\u00e4hrliche freiwillige Zuwendung von 200 \u20ac<\/td>\n<\/tr>\n<tr>\n<td width=\"450\">Partnermitgliedschaft THEATERMUSEAST <span style=\"font-family: Segoe Script; color: #98032e;\">Partner<\/span> *<br \/>\n*g\u00fcltig f\u00fcr Ehepartner und eingetragene Lebenspartner<\/td>\n<td>99 \u20ac<\/td>\n<\/tr>\n<\/tbody>\n<\/table>\n<h4><span style=\"color: #98032e;\"> &gt;&gt;&gt; <a href=\"https:\/\/www.theatermuseasten.de\/wp-content\/uploads\/2017\/05\/beitritt_aug_2014.pdf\" target=\"_blank\" rel=\"noopener noreferrer\">Download Beitrittsformular<\/a> <\/span><\/h4>\n","protected":false},"excerpt":{"rendered":"<p>Werden Sie noch heute Mitglied! Das Beitrittsformular k\u00f6nnen Sie hier herunter laden und postalisch zur\u00fccksenden oder ganz einfach im Theatermuseum ausf\u00fcllen. Folgende Vorz\u00fcge erwarten Sie: &#8211; kostenfreier Eintritt ins Theatermuseum &#8211; 20% Erm\u00e4\u00dfigung auf Ver\u00f6ffentlichungen des Theatermuseums &#8211; Einladung zu Ausstellungser\u00f6ffnungen &#8211; Teilnahme an exklusiven Sonderf\u00fchrungen Von Ihrem Mitgliedsbeitrag und Ihrer Spende erhalten Sie j\u00e4hrlich [&hellip;]<\/p>\n","protected":false},"author":1,"featured_media":0,"parent":0,"menu_order":0,"comment_status":"closed","ping_status":"closed","template":"","meta":{"footnotes":""},"class_list":["post-15","page","type-page","status-publish","hentry"],"yoast_head":"<!-- This site is optimized with the Yoast SEO plugin v26.3 - https:\/\/yoast.com\/wordpress\/plugins\/seo\/ -->\n<title>THEATERMUSEASTEN - Unsere Mitgliedsgeb\u00fchren - Theatermuseasten - Freunde des Deutschen Theatermuseums M\u00fcnchen e.V.<\/title>\n<meta name=\"robots\" content=\"index, follow, max-snippet:-1, max-image-preview:large, max-video-preview:-1\" \/>\n<link rel=\"canonical\" href=\"https:\/\/www.theatermuseasten.de\/index.php\/the-terms\/\" \/>\n<meta property=\"og:locale\" content=\"de_DE\" \/>\n<meta property=\"og:type\" content=\"article\" \/>\n<meta property=\"og:title\" content=\"THEATERMUSEASTEN - Unsere Mitgliedsgeb\u00fchren - Theatermuseasten - Freunde des Deutschen Theatermuseums M\u00fcnchen e.V.\" \/>\n<meta property=\"og:description\" content=\"Werden Sie noch heute Mitglied! Das Beitrittsformular k\u00f6nnen Sie hier herunter laden und postalisch zur\u00fccksenden oder ganz einfach im Theatermuseum ausf\u00fcllen. Folgende Vorz\u00fcge erwarten Sie: &#8211; kostenfreier Eintritt ins Theatermuseum &#8211; 20% Erm\u00e4\u00dfigung auf Ver\u00f6ffentlichungen des Theatermuseums &#8211; Einladung zu Ausstellungser\u00f6ffnungen &#8211; Teilnahme an exklusiven Sonderf\u00fchrungen Von Ihrem Mitgliedsbeitrag und Ihrer Spende erhalten Sie j\u00e4hrlich [&hellip;]\" \/>\n<meta property=\"og:url\" content=\"https:\/\/www.theatermuseasten.de\/index.php\/the-terms\/\" \/>\n<meta property=\"og:site_name\" content=\"Theatermuseasten - Freunde des Deutschen Theatermuseums M\u00fcnchen e.V.\" \/>\n<meta property=\"article:modified_time\" content=\"2017-05-20T16:53:30+00:00\" \/>\n<meta name=\"twitter:card\" content=\"summary_large_image\" \/>\n<meta name=\"twitter:label1\" content=\"Gesch\u00e4tzte Lesezeit\" \/>\n\t<meta name=\"twitter:data1\" content=\"1\u00a0Minute\" \/>\n<script type=\"application\/ld+json\" class=\"yoast-schema-graph\">{\"@context\":\"https:\/\/schema.org\",\"@graph\":[{\"@type\":\"WebPage\",\"@id\":\"https:\/\/www.theatermuseasten.de\/index.php\/the-terms\/\",\"url\":\"https:\/\/www.theatermuseasten.de\/index.php\/the-terms\/\",\"name\":\"THEATERMUSEASTEN - Unsere Mitgliedsgeb\u00fchren - Theatermuseasten - Freunde des Deutschen Theatermuseums M\u00fcnchen e.V.\",\"isPartOf\":{\"@id\":\"https:\/\/www.theatermuseasten.de\/#website\"},\"datePublished\":\"2017-05-15T17:37:11+00:00\",\"dateModified\":\"2017-05-20T16:53:30+00:00\",\"breadcrumb\":{\"@id\":\"https:\/\/www.theatermuseasten.de\/index.php\/the-terms\/#breadcrumb\"},\"inLanguage\":\"de\",\"potentialAction\":[{\"@type\":\"ReadAction\",\"target\":[\"https:\/\/www.theatermuseasten.de\/index.php\/the-terms\/\"]}]},{\"@type\":\"BreadcrumbList\",\"@id\":\"https:\/\/www.theatermuseasten.de\/index.php\/the-terms\/#breadcrumb\",\"itemListElement\":[{\"@type\":\"ListItem\",\"position\":1,\"name\":\"Startseite\",\"item\":\"https:\/\/www.theatermuseasten.de\/\"},{\"@type\":\"ListItem\",\"position\":2,\"name\":\"THEATERMUSEASTEN &#8211; Unsere Mitgliedsgeb\u00fchren\"}]},{\"@type\":\"WebSite\",\"@id\":\"https:\/\/www.theatermuseasten.de\/#website\",\"url\":\"https:\/\/www.theatermuseasten.de\/\",\"name\":\"Theatermuseasten - Freunde des Deutschen Theatermuseums M\u00fcnchen e.V.\",\"description\":\"F\u00f6rderverein Deutsches Theatermuseums M\u00fcnchen e.V.\",\"potentialAction\":[{\"@type\":\"SearchAction\",\"target\":{\"@type\":\"EntryPoint\",\"urlTemplate\":\"https:\/\/www.theatermuseasten.de\/?s={search_term_string}\"},\"query-input\":{\"@type\":\"PropertyValueSpecification\",\"valueRequired\":true,\"valueName\":\"search_term_string\"}}],\"inLanguage\":\"de\"}]}<\/script>\n<!-- \/ Yoast SEO plugin. -->","yoast_head_json":{"title":"THEATERMUSEASTEN - Unsere Mitgliedsgeb\u00fchren - Theatermuseasten - Freunde des Deutschen Theatermuseums M\u00fcnchen e.V.","robots":{"index":"index","follow":"follow","max-snippet":"max-snippet:-1","max-image-preview":"max-image-preview:large","max-video-preview":"max-video-preview:-1"},"canonical":"https:\/\/www.theatermuseasten.de\/index.php\/the-terms\/","og_locale":"de_DE","og_type":"article","og_title":"THEATERMUSEASTEN - Unsere Mitgliedsgeb\u00fchren - Theatermuseasten - Freunde des Deutschen Theatermuseums M\u00fcnchen e.V.","og_description":"Werden Sie noch heute Mitglied! Das Beitrittsformular k\u00f6nnen Sie hier herunter laden und postalisch zur\u00fccksenden oder ganz einfach im Theatermuseum ausf\u00fcllen. Folgende Vorz\u00fcge erwarten Sie: &#8211; kostenfreier Eintritt ins Theatermuseum &#8211; 20% Erm\u00e4\u00dfigung auf Ver\u00f6ffentlichungen des Theatermuseums &#8211; Einladung zu Ausstellungser\u00f6ffnungen &#8211; Teilnahme an exklusiven Sonderf\u00fchrungen Von Ihrem Mitgliedsbeitrag und Ihrer Spende erhalten Sie j\u00e4hrlich [&hellip;]","og_url":"https:\/\/www.theatermuseasten.de\/index.php\/the-terms\/","og_site_name":"Theatermuseasten - Freunde des Deutschen Theatermuseums M\u00fcnchen e.V.","article_modified_time":"2017-05-20T16:53:30+00:00","twitter_card":"summary_large_image","twitter_misc":{"Gesch\u00e4tzte Lesezeit":"1\u00a0Minute"},"schema":{"@context":"https:\/\/schema.org","@graph":[{"@type":"WebPage","@id":"https:\/\/www.theatermuseasten.de\/index.php\/the-terms\/","url":"https:\/\/www.theatermuseasten.de\/index.php\/the-terms\/","name":"THEATERMUSEASTEN - Unsere Mitgliedsgeb\u00fchren - Theatermuseasten - Freunde des Deutschen Theatermuseums M\u00fcnchen e.V.","isPartOf":{"@id":"https:\/\/www.theatermuseasten.de\/#website"},"datePublished":"2017-05-15T17:37:11+00:00","dateModified":"2017-05-20T16:53:30+00:00","breadcrumb":{"@id":"https:\/\/www.theatermuseasten.de\/index.php\/the-terms\/#breadcrumb"},"inLanguage":"de","potentialAction":[{"@type":"ReadAction","target":["https:\/\/www.theatermuseasten.de\/index.php\/the-terms\/"]}]},{"@type":"BreadcrumbList","@id":"https:\/\/www.theatermuseasten.de\/index.php\/the-terms\/#breadcrumb","itemListElement":[{"@type":"ListItem","position":1,"name":"Startseite","item":"https:\/\/www.theatermuseasten.de\/"},{"@type":"ListItem","position":2,"name":"THEATERMUSEASTEN &#8211; Unsere Mitgliedsgeb\u00fchren"}]},{"@type":"WebSite","@id":"https:\/\/www.theatermuseasten.de\/#website","url":"https:\/\/www.theatermuseasten.de\/","name":"Theatermuseasten - Freunde des Deutschen Theatermuseums M\u00fcnchen e.V.","description":"F\u00f6rderverein Deutsches Theatermuseums M\u00fcnchen e.V.","potentialAction":[{"@type":"SearchAction","target":{"@type":"EntryPoint","urlTemplate":"https:\/\/www.theatermuseasten.de\/?s={search_term_string}"},"query-input":{"@type":"PropertyValueSpecification","valueRequired":true,"valueName":"search_term_string"}}],"inLanguage":"de"}]}},"_links":{"self":[{"href":"https:\/\/www.theatermuseasten.de\/index.php\/wp-json\/wp\/v2\/pages\/15","targetHints":{"allow":["GET"]}}],"collection":[{"href":"https:\/\/www.theatermuseasten.de\/index.php\/wp-json\/wp\/v2\/pages"}],"about":[{"href":"https:\/\/www.theatermuseasten.de\/index.php\/wp-json\/wp\/v2\/types\/page"}],"author":[{"embeddable":true,"href":"https:\/\/www.theatermuseasten.de\/index.php\/wp-json\/wp\/v2\/users\/1"}],"replies":[{"embeddable":true,"href":"https:\/\/www.theatermuseasten.de\/index.php\/wp-json\/wp\/v2\/comments?post=15"}],"version-history":[{"count":16,"href":"https:\/\/www.theatermuseasten.de\/index.php\/wp-json\/wp\/v2\/pages\/15\/revisions"}],"predecessor-version":[{"id":443,"href":"https:\/\/www.theatermuseasten.de\/index.php\/wp-json\/wp\/v2\/pages\/15\/revisions\/443"}],"wp:attachment":[{"href":"https:\/\/www.theatermuseasten.de\/index.php\/wp-json\/wp\/v2\/media?parent=15"}],"curies":[{"name":"wp","href":"https:\/\/api.w.org\/{rel}","templated":true}]}}