{"id":11,"date":"2017-05-15T19:36:32","date_gmt":"2017-05-15T17:36:32","guid":{"rendered":"https:\/\/www.theatermuseasten.de\/?page_id=11"},"modified":"2019-10-13T11:10:46","modified_gmt":"2019-10-13T09:10:46","slug":"the-use","status":"publish","type":"page","link":"https:\/\/www.theatermuseasten.de\/index.php\/the-use\/","title":{"rendered":"<span style=\"color: #98032e;\">THE<\/span>ATERM<span style=\"color: #98032e;\">USE<\/span>ASTEN <span style=\"font-family: Segoe Script; color: #98032e;\">&#8211;  Unser Nutzen und Einsatz<\/span>"},"content":{"rendered":"<p>Unser Verein hat es sich seit seiner Gr\u00fcndung 1996 zum Ziel gesetzt, das Deutsche Theatermuseum M\u00fcnchen in seinen vielf\u00e4ltigen Projekten und in der Erf\u00fcllung seiner Aufgaben finanziell und ideell zu unterst\u00fctzen, haupts\u00e4chlich beim Ausbau und der Pflege seiner Sammlung, bei Ausstellungsprojekten sowie bei der \u00d6ffentlichkeitsarbeit.<\/p>\n<p>Die Satzung <strong>THEATERMUSEASTEN &#8211; Freunde des Deutschen Theatermuseums M\u00fcnchen e.V.<\/strong> kann <a href=\"https:\/\/www.theatermuseasten.de\/wp-content\/uploads\/2017\/05\/satzung_feb_2014.pdf\">hier<\/a> heruntergeladen werden.<\/p>\n<p><a href=\"https:\/\/www.theatermuseasten.de\/wp-content\/uploads\/2019\/10\/oktober_2019_baustelle.png\" rel=\"lightbox[11]\"><img loading=\"lazy\" decoding=\"async\" class=\"aligncenter size-large wp-image-653\" src=\"https:\/\/www.theatermuseasten.de\/wp-content\/uploads\/2019\/10\/oktober_2019_baustelle-1024x687.png\" alt=\"\" width=\"1024\" height=\"687\" srcset=\"https:\/\/www.theatermuseasten.de\/wp-content\/uploads\/2019\/10\/oktober_2019_baustelle-1024x687.png 1024w, https:\/\/www.theatermuseasten.de\/wp-content\/uploads\/2019\/10\/oktober_2019_baustelle-300x201.png 300w, https:\/\/www.theatermuseasten.de\/wp-content\/uploads\/2019\/10\/oktober_2019_baustelle-768x515.png 768w, https:\/\/www.theatermuseasten.de\/wp-content\/uploads\/2019\/10\/oktober_2019_baustelle-410x275.png 410w, https:\/\/www.theatermuseasten.de\/wp-content\/uploads\/2019\/10\/oktober_2019_baustelle-100x67.png 100w, https:\/\/www.theatermuseasten.de\/wp-content\/uploads\/2019\/10\/oktober_2019_baustelle-275x184.png 275w, https:\/\/www.theatermuseasten.de\/wp-content\/uploads\/2019\/10\/oktober_2019_baustelle.png 1637w\" sizes=\"auto, (max-width: 1024px) 100vw, 1024px\" \/><\/a><\/p>\n","protected":false},"excerpt":{"rendered":"<p>Unser Verein hat es sich seit seiner Gr\u00fcndung 1996 zum Ziel gesetzt, das Deutsche Theatermuseum M\u00fcnchen in seinen vielf\u00e4ltigen Projekten und in der Erf\u00fcllung seiner Aufgaben finanziell und ideell zu unterst\u00fctzen, haupts\u00e4chlich beim Ausbau und der Pflege seiner Sammlung, bei Ausstellungsprojekten sowie bei der \u00d6ffentlichkeitsarbeit. Die Satzung THEATERMUSEASTEN &#8211; Freunde des Deutschen Theatermuseums M\u00fcnchen e.V. [&hellip;]<\/p>\n","protected":false},"author":1,"featured_media":0,"parent":0,"menu_order":0,"comment_status":"closed","ping_status":"closed","template":"","meta":{"footnotes":""},"class_list":["post-11","page","type-page","status-publish","hentry"],"yoast_head":"<!-- This site is optimized with the Yoast SEO plugin v26.3 - https:\/\/yoast.com\/wordpress\/plugins\/seo\/ -->\n<title>THEATERMUSEASTEN - Unser Nutzen und Einsatz - Theatermuseasten - Freunde des Deutschen Theatermuseums M\u00fcnchen e.V.<\/title>\n<meta name=\"robots\" content=\"index, follow, max-snippet:-1, max-image-preview:large, max-video-preview:-1\" \/>\n<link rel=\"canonical\" href=\"https:\/\/www.theatermuseasten.de\/index.php\/the-use\/\" \/>\n<meta property=\"og:locale\" content=\"de_DE\" \/>\n<meta property=\"og:type\" content=\"article\" \/>\n<meta property=\"og:title\" content=\"THEATERMUSEASTEN - Unser Nutzen und Einsatz - Theatermuseasten - Freunde des Deutschen Theatermuseums M\u00fcnchen e.V.\" \/>\n<meta property=\"og:description\" content=\"Unser Verein hat es sich seit seiner Gr\u00fcndung 1996 zum Ziel gesetzt, das Deutsche Theatermuseum M\u00fcnchen in seinen vielf\u00e4ltigen Projekten und in der Erf\u00fcllung seiner Aufgaben finanziell und ideell zu unterst\u00fctzen, haupts\u00e4chlich beim Ausbau und der Pflege seiner Sammlung, bei Ausstellungsprojekten sowie bei der \u00d6ffentlichkeitsarbeit. Die Satzung THEATERMUSEASTEN &#8211; Freunde des Deutschen Theatermuseums M\u00fcnchen e.V. [&hellip;]\" \/>\n<meta property=\"og:url\" content=\"https:\/\/www.theatermuseasten.de\/index.php\/the-use\/\" \/>\n<meta property=\"og:site_name\" content=\"Theatermuseasten - Freunde des Deutschen Theatermuseums M\u00fcnchen e.V.\" \/>\n<meta property=\"article:modified_time\" content=\"2019-10-13T09:10:46+00:00\" \/>\n<meta property=\"og:image\" content=\"https:\/\/www.theatermuseasten.de\/wp-content\/uploads\/2019\/10\/oktober_2019_baustelle-1024x687.png\" \/>\n<meta name=\"twitter:card\" content=\"summary_large_image\" \/>\n<script type=\"application\/ld+json\" class=\"yoast-schema-graph\">{\"@context\":\"https:\/\/schema.org\",\"@graph\":[{\"@type\":\"WebPage\",\"@id\":\"https:\/\/www.theatermuseasten.de\/index.php\/the-use\/\",\"url\":\"https:\/\/www.theatermuseasten.de\/index.php\/the-use\/\",\"name\":\"THEATERMUSEASTEN - Unser Nutzen und Einsatz - Theatermuseasten - Freunde des Deutschen Theatermuseums M\u00fcnchen e.V.\",\"isPartOf\":{\"@id\":\"https:\/\/www.theatermuseasten.de\/#website\"},\"primaryImageOfPage\":{\"@id\":\"https:\/\/www.theatermuseasten.de\/index.php\/the-use\/#primaryimage\"},\"image\":{\"@id\":\"https:\/\/www.theatermuseasten.de\/index.php\/the-use\/#primaryimage\"},\"thumbnailUrl\":\"https:\/\/www.theatermuseasten.de\/wp-content\/uploads\/2019\/10\/oktober_2019_baustelle-1024x687.png\",\"datePublished\":\"2017-05-15T17:36:32+00:00\",\"dateModified\":\"2019-10-13T09:10:46+00:00\",\"breadcrumb\":{\"@id\":\"https:\/\/www.theatermuseasten.de\/index.php\/the-use\/#breadcrumb\"},\"inLanguage\":\"de\",\"potentialAction\":[{\"@type\":\"ReadAction\",\"target\":[\"https:\/\/www.theatermuseasten.de\/index.php\/the-use\/\"]}]},{\"@type\":\"ImageObject\",\"inLanguage\":\"de\",\"@id\":\"https:\/\/www.theatermuseasten.de\/index.php\/the-use\/#primaryimage\",\"url\":\"https:\/\/www.theatermuseasten.de\/wp-content\/uploads\/2019\/10\/oktober_2019_baustelle.png\",\"contentUrl\":\"https:\/\/www.theatermuseasten.de\/wp-content\/uploads\/2019\/10\/oktober_2019_baustelle.png\",\"width\":1637,\"height\":1098},{\"@type\":\"BreadcrumbList\",\"@id\":\"https:\/\/www.theatermuseasten.de\/index.php\/the-use\/#breadcrumb\",\"itemListElement\":[{\"@type\":\"ListItem\",\"position\":1,\"name\":\"Startseite\",\"item\":\"https:\/\/www.theatermuseasten.de\/\"},{\"@type\":\"ListItem\",\"position\":2,\"name\":\"THEATERMUSEASTEN &#8211; Unser Nutzen und Einsatz\"}]},{\"@type\":\"WebSite\",\"@id\":\"https:\/\/www.theatermuseasten.de\/#website\",\"url\":\"https:\/\/www.theatermuseasten.de\/\",\"name\":\"Theatermuseasten - Freunde des Deutschen Theatermuseums M\u00fcnchen e.V.\",\"description\":\"F\u00f6rderverein Deutsches Theatermuseums M\u00fcnchen e.V.\",\"potentialAction\":[{\"@type\":\"SearchAction\",\"target\":{\"@type\":\"EntryPoint\",\"urlTemplate\":\"https:\/\/www.theatermuseasten.de\/?s={search_term_string}\"},\"query-input\":{\"@type\":\"PropertyValueSpecification\",\"valueRequired\":true,\"valueName\":\"search_term_string\"}}],\"inLanguage\":\"de\"}]}<\/script>\n<!-- \/ Yoast SEO plugin. -->","yoast_head_json":{"title":"THEATERMUSEASTEN - Unser Nutzen und Einsatz - Theatermuseasten - Freunde des Deutschen Theatermuseums M\u00fcnchen e.V.","robots":{"index":"index","follow":"follow","max-snippet":"max-snippet:-1","max-image-preview":"max-image-preview:large","max-video-preview":"max-video-preview:-1"},"canonical":"https:\/\/www.theatermuseasten.de\/index.php\/the-use\/","og_locale":"de_DE","og_type":"article","og_title":"THEATERMUSEASTEN - Unser Nutzen und Einsatz - Theatermuseasten - Freunde des Deutschen Theatermuseums M\u00fcnchen e.V.","og_description":"Unser Verein hat es sich seit seiner Gr\u00fcndung 1996 zum Ziel gesetzt, das Deutsche Theatermuseum M\u00fcnchen in seinen vielf\u00e4ltigen Projekten und in der Erf\u00fcllung seiner Aufgaben finanziell und ideell zu unterst\u00fctzen, haupts\u00e4chlich beim Ausbau und der Pflege seiner Sammlung, bei Ausstellungsprojekten sowie bei der \u00d6ffentlichkeitsarbeit. Die Satzung THEATERMUSEASTEN &#8211; Freunde des Deutschen Theatermuseums M\u00fcnchen e.V. [&hellip;]","og_url":"https:\/\/www.theatermuseasten.de\/index.php\/the-use\/","og_site_name":"Theatermuseasten - Freunde des Deutschen Theatermuseums M\u00fcnchen e.V.","article_modified_time":"2019-10-13T09:10:46+00:00","og_image":[{"url":"https:\/\/www.theatermuseasten.de\/wp-content\/uploads\/2019\/10\/oktober_2019_baustelle-1024x687.png","type":"","width":"","height":""}],"twitter_card":"summary_large_image","schema":{"@context":"https:\/\/schema.org","@graph":[{"@type":"WebPage","@id":"https:\/\/www.theatermuseasten.de\/index.php\/the-use\/","url":"https:\/\/www.theatermuseasten.de\/index.php\/the-use\/","name":"THEATERMUSEASTEN - Unser Nutzen und Einsatz - Theatermuseasten - Freunde des Deutschen Theatermuseums M\u00fcnchen e.V.","isPartOf":{"@id":"https:\/\/www.theatermuseasten.de\/#website"},"primaryImageOfPage":{"@id":"https:\/\/www.theatermuseasten.de\/index.php\/the-use\/#primaryimage"},"image":{"@id":"https:\/\/www.theatermuseasten.de\/index.php\/the-use\/#primaryimage"},"thumbnailUrl":"https:\/\/www.theatermuseasten.de\/wp-content\/uploads\/2019\/10\/oktober_2019_baustelle-1024x687.png","datePublished":"2017-05-15T17:36:32+00:00","dateModified":"2019-10-13T09:10:46+00:00","breadcrumb":{"@id":"https:\/\/www.theatermuseasten.de\/index.php\/the-use\/#breadcrumb"},"inLanguage":"de","potentialAction":[{"@type":"ReadAction","target":["https:\/\/www.theatermuseasten.de\/index.php\/the-use\/"]}]},{"@type":"ImageObject","inLanguage":"de","@id":"https:\/\/www.theatermuseasten.de\/index.php\/the-use\/#primaryimage","url":"https:\/\/www.theatermuseasten.de\/wp-content\/uploads\/2019\/10\/oktober_2019_baustelle.png","contentUrl":"https:\/\/www.theatermuseasten.de\/wp-content\/uploads\/2019\/10\/oktober_2019_baustelle.png","width":1637,"height":1098},{"@type":"BreadcrumbList","@id":"https:\/\/www.theatermuseasten.de\/index.php\/the-use\/#breadcrumb","itemListElement":[{"@type":"ListItem","position":1,"name":"Startseite","item":"https:\/\/www.theatermuseasten.de\/"},{"@type":"ListItem","position":2,"name":"THEATERMUSEASTEN &#8211; Unser Nutzen und Einsatz"}]},{"@type":"WebSite","@id":"https:\/\/www.theatermuseasten.de\/#website","url":"https:\/\/www.theatermuseasten.de\/","name":"Theatermuseasten - Freunde des Deutschen Theatermuseums M\u00fcnchen e.V.","description":"F\u00f6rderverein Deutsches Theatermuseums M\u00fcnchen e.V.","potentialAction":[{"@type":"SearchAction","target":{"@type":"EntryPoint","urlTemplate":"https:\/\/www.theatermuseasten.de\/?s={search_term_string}"},"query-input":{"@type":"PropertyValueSpecification","valueRequired":true,"valueName":"search_term_string"}}],"inLanguage":"de"}]}},"_links":{"self":[{"href":"https:\/\/www.theatermuseasten.de\/index.php\/wp-json\/wp\/v2\/pages\/11","targetHints":{"allow":["GET"]}}],"collection":[{"href":"https:\/\/www.theatermuseasten.de\/index.php\/wp-json\/wp\/v2\/pages"}],"about":[{"href":"https:\/\/www.theatermuseasten.de\/index.php\/wp-json\/wp\/v2\/types\/page"}],"author":[{"embeddable":true,"href":"https:\/\/www.theatermuseasten.de\/index.php\/wp-json\/wp\/v2\/users\/1"}],"replies":[{"embeddable":true,"href":"https:\/\/www.theatermuseasten.de\/index.php\/wp-json\/wp\/v2\/comments?post=11"}],"version-history":[{"count":15,"href":"https:\/\/www.theatermuseasten.de\/index.php\/wp-json\/wp\/v2\/pages\/11\/revisions"}],"predecessor-version":[{"id":654,"href":"https:\/\/www.theatermuseasten.de\/index.php\/wp-json\/wp\/v2\/pages\/11\/revisions\/654"}],"wp:attachment":[{"href":"https:\/\/www.theatermuseasten.de\/index.php\/wp-json\/wp\/v2\/media?parent=11"}],"curies":[{"name":"wp","href":"https:\/\/api.w.org\/{rel}","templated":true}]}}